{"id":5066,"date":"2021-04-28T17:31:07","date_gmt":"2021-04-28T15:31:07","guid":{"rendered":"https:\/\/77propeller.com\/?post_type=product&#038;p=5066"},"modified":"2026-03-17T18:12:06","modified_gmt":"2026-03-17T17:12:06","slug":"airbrush-template-airbrush-stencils-for-spraying-fine-details","status":"publish","type":"product","link":"https:\/\/77propeller.com\/sk\/product\/airbrush-template-airbrush-stencils-for-spraying-fine-details\/","title":{"rendered":"Airbrush template &#8211; Airbrush stencils for spraying fine details"},"content":{"rendered":"<p>Viacn\u00e1sobn\u00e9 pou\u017eitie, \u010distenie Mr.TOOL CLEANER<\/p>\n","protected":false},"excerpt":{"rendered":"<p>Plastov\u00e9 \u0161abl\u00f3ny s\u00fa ur\u010den\u00e9 pre pr\u00e1cu s airbrush pi\u0161to\u013eou ktor\u00e1 umo\u017en\u00ed technikou airbrush zn\u00e1zorni\u0165 opotrebovan\u00e9 a vyblednut\u00e9 povrchy. Pomocou \u0161abl\u00f3ny nastriekate na svoj model r\u00f4zne efekty opotrebenia umiestnen\u00edm \u0161abl\u00f3ny na po\u017eadovan\u00e9 miesto a n\u00e1sledn\u00fdm striekan\u00edm farby airbrush pi\u0161to\u013eou.<\/p>\n<p>\u0160abl\u00f3ny s\u00fa navrhnut\u00e9 pre striekanie jemn\u00fdch detailov na modeloch alebo jeho jednotliv\u00fdch \u010dast\u00ed. Airbrush \u0161abl\u00f3ny s\u00fa vyroben\u00e9 z kvalitn\u00e9ho plastu a je ich mo\u017en\u00e9 oh\u00fdba\u0165 \u010d\u00edm dosiahnete efekty opotrebenia aj na \u0165a\u017e\u0161ie dostupn\u00fdch miestach. Plastov\u00e9 \u0161abl\u00f3ny maj\u00fa hladk\u00fd povrch, preto nepo\u0161kodia povrch modelu pri pr\u00e1ci. \u010cistenie \u0161abl\u00f3ny je ve\u013emi jednoducho pomocou \u010disti\u010da.<\/p>\n<p>materi\u00e1l \u2013 PP\/PVC<\/p>\n<p>rozmer 6 x 4 cm<\/p>\n","protected":false},"featured_media":5047,"template":"","meta":{"om_disable_all_campaigns":false,"_exactmetrics_skip_tracking":false,"_exactmetrics_sitenote_active":false,"_exactmetrics_sitenote_note":"","_exactmetrics_sitenote_category":0,"_uf_show_specific_survey":0,"_uf_disable_surveys":false},"product_brand":[],"product_cat":[55,106,19],"product_tag":[],"class_list":{"0":"post-5066","1":"product","2":"type-product","3":"status-publish","4":"has-post-thumbnail","6":"product_cat-templates","7":"product_cat-scribing-and-spray-masking","8":"product_cat-shop","10":"first","11":"instock","12":"taxable","13":"shipping-taxable","14":"purchasable","15":"product-type-simple"},"aioseo_notices":[],"_links":{"self":[{"href":"https:\/\/77propeller.com\/sk\/wp-json\/wp\/v2\/product\/5066","targetHints":{"allow":["GET"]}}],"collection":[{"href":"https:\/\/77propeller.com\/sk\/wp-json\/wp\/v2\/product"}],"about":[{"href":"https:\/\/77propeller.com\/sk\/wp-json\/wp\/v2\/types\/product"}],"wp:featuredmedia":[{"embeddable":true,"href":"https:\/\/77propeller.com\/sk\/wp-json\/wp\/v2\/media\/5047"}],"wp:attachment":[{"href":"https:\/\/77propeller.com\/sk\/wp-json\/wp\/v2\/media?parent=5066"}],"wp:term":[{"taxonomy":"product_brand","embeddable":true,"href":"https:\/\/77propeller.com\/sk\/wp-json\/wp\/v2\/product_brand?post=5066"},{"taxonomy":"product_cat","embeddable":true,"href":"https:\/\/77propeller.com\/sk\/wp-json\/wp\/v2\/product_cat?post=5066"},{"taxonomy":"product_tag","embeddable":true,"href":"https:\/\/77propeller.com\/sk\/wp-json\/wp\/v2\/product_tag?post=5066"}],"curies":[{"name":"wp","href":"https:\/\/api.w.org\/{rel}","templated":true}]}}