{"id":4960,"date":"2021-03-20T17:01:38","date_gmt":"2021-03-20T16:01:38","guid":{"rendered":"https:\/\/77propeller.com\/sk\/?post_type=product&#038;p=4960"},"modified":"2026-04-10T12:15:36","modified_gmt":"2026-04-10T10:15:36","slug":"wooden-oak-boards-1-72-50-pieces","status":"publish","type":"product","link":"https:\/\/77propeller.com\/sk\/product\/wooden-oak-boards-1-72-50-pieces\/","title":{"rendered":"Dreven\u00e9 dubov\u00e9 dosky \u201e1\/48\u201c 50 kusov"},"content":{"rendered":"<p>Po\u010det kusov &#8211; 50<\/p>\n<p>Materi\u00e1l &#8211; dubov\u00e9 drevo<\/p>\n<p>Odpor\u00fa\u010dame lepi\u0165 disperzn\u00fdm lepidlom na drevo<\/p>\n","protected":false},"excerpt":{"rendered":"<p>Dubov\u00e9 drevo. Perfektn\u00e9 na v\u00fdrobu dver\u00ed, roliet, plotov, striech, \u00falomkov odpadu at\u010f. Ore\u017ete ich ostr\u00fdm hobby no\u017eom alebo no\u017enicami alebo ich rozlomte na polovicu. 50 kusov. 50 mm x 5 mm x 0,5 mm. Lepte lepidlom PVA na drevo.<\/p>\n<p>Rozmer &#8211; 60mm x 6mm x 0,5mm<\/p>\n","protected":false},"featured_media":4995,"template":"","meta":{"om_disable_all_campaigns":false,"_exactmetrics_skip_tracking":false,"_exactmetrics_sitenote_active":false,"_exactmetrics_sitenote_note":"","_exactmetrics_sitenote_category":0,"_uf_show_specific_survey":0,"_uf_disable_surveys":false},"product_brand":[],"product_cat":[58,19],"product_tag":[],"class_list":{"0":"post-4960","1":"product","2":"type-product","3":"status-publish","4":"has-post-thumbnail","6":"product_cat-accessories-for-diorama","7":"product_cat-shop","9":"first","10":"instock","11":"taxable","12":"shipping-taxable","13":"purchasable","14":"product-type-simple"},"aioseo_notices":[],"_links":{"self":[{"href":"https:\/\/77propeller.com\/sk\/wp-json\/wp\/v2\/product\/4960","targetHints":{"allow":["GET"]}}],"collection":[{"href":"https:\/\/77propeller.com\/sk\/wp-json\/wp\/v2\/product"}],"about":[{"href":"https:\/\/77propeller.com\/sk\/wp-json\/wp\/v2\/types\/product"}],"wp:featuredmedia":[{"embeddable":true,"href":"https:\/\/77propeller.com\/sk\/wp-json\/wp\/v2\/media\/4995"}],"wp:attachment":[{"href":"https:\/\/77propeller.com\/sk\/wp-json\/wp\/v2\/media?parent=4960"}],"wp:term":[{"taxonomy":"product_brand","embeddable":true,"href":"https:\/\/77propeller.com\/sk\/wp-json\/wp\/v2\/product_brand?post=4960"},{"taxonomy":"product_cat","embeddable":true,"href":"https:\/\/77propeller.com\/sk\/wp-json\/wp\/v2\/product_cat?post=4960"},{"taxonomy":"product_tag","embeddable":true,"href":"https:\/\/77propeller.com\/sk\/wp-json\/wp\/v2\/product_tag?post=4960"}],"curies":[{"name":"wp","href":"https:\/\/api.w.org\/{rel}","templated":true}]}}