{"id":4672,"date":"2020-11-02T18:44:16","date_gmt":"2020-11-02T17:44:16","guid":{"rendered":"https:\/\/77propeller.com\/?post_type=product&#038;p=4672"},"modified":"2026-03-11T23:59:48","modified_gmt":"2026-03-11T22:59:48","slug":"wave-stand-for-special-tools","status":"publish","type":"product","link":"https:\/\/77propeller.com\/sk\/product\/wave-stand-for-special-tools\/","title":{"rendered":"&#8220;WAVE&#8221; Stavebnica \u2013 stojan na \u0161peci\u00e1lne n\u00e1radie &#8211; kapacita 9 slotov"},"content":{"rendered":"<p>Priemer otvorov \u2013\u00a0 11 mm<\/p>\n<p>Kapacita \u2013 9 slotov<\/p>\n<p>Stavebnica \u2013 \u00a0zlepi\u0165 disperzn\u00fdm lepidlo na drevo pod\u013ea n\u00e1vodu<\/p>\n<p>Materi\u00e1l \u2013 drevo<\/p>\n<p>Rozmer \u2013 7cm x 8cm x 14,2cm<\/p>\n<p>&nbsp;<\/p>\n","protected":false},"excerpt":{"rendered":"<h5><strong>Do\u010dasne nedostupn\u00e9\u00a0<\/strong><\/h5>\n<p><span style=\"color: #1c1c1c;\">Stavebnica stojanu na \u0161peci\u00e1lne n\u00e1radie s kapacitou 9 slotov.<\/span><\/p>\n<p><span style=\"color: #1c1c1c;\"> Stavebnica je vhodn\u00e1 na skalpely, nytovadl\u00e1, rysovacie ihly a \u010fal\u0161ie n\u00e1radie, ktor\u00e9 s\u00fa citliv\u00e9 na po\u0161kodenie.<\/span><\/p>\n<p><span style=\"color: #000000;\">Stavebnica obsahuje 5 kvalitn\u00fdch dielov a n\u00e1vod na zlo\u017eenie.<\/span><\/p>\n<p><span style=\"color: #000000;\">Stojan odpor\u00fa\u010dame zlepi\u0165 disperzn\u00fdm lepidlom na drevo. Lepidlo nie je s\u00fa\u010das\u0165ou produktu.<\/span><\/p>\n","protected":false},"featured_media":4690,"template":"","meta":{"om_disable_all_campaigns":false,"_exactmetrics_skip_tracking":false,"_exactmetrics_sitenote_active":false,"_exactmetrics_sitenote_note":"","_exactmetrics_sitenote_category":0,"_uf_show_specific_survey":0,"_uf_disable_surveys":false},"product_brand":[],"product_cat":[56],"product_tag":[],"class_list":{"0":"post-4672","1":"product","2":"type-product","3":"status-publish","4":"has-post-thumbnail","6":"product_cat-paint-stands-and-organizers","8":"first","9":"outofstock","10":"taxable","11":"shipping-taxable","12":"purchasable","13":"product-type-simple"},"aioseo_notices":[],"_links":{"self":[{"href":"https:\/\/77propeller.com\/sk\/wp-json\/wp\/v2\/product\/4672","targetHints":{"allow":["GET"]}}],"collection":[{"href":"https:\/\/77propeller.com\/sk\/wp-json\/wp\/v2\/product"}],"about":[{"href":"https:\/\/77propeller.com\/sk\/wp-json\/wp\/v2\/types\/product"}],"wp:featuredmedia":[{"embeddable":true,"href":"https:\/\/77propeller.com\/sk\/wp-json\/wp\/v2\/media\/4690"}],"wp:attachment":[{"href":"https:\/\/77propeller.com\/sk\/wp-json\/wp\/v2\/media?parent=4672"}],"wp:term":[{"taxonomy":"product_brand","embeddable":true,"href":"https:\/\/77propeller.com\/sk\/wp-json\/wp\/v2\/product_brand?post=4672"},{"taxonomy":"product_cat","embeddable":true,"href":"https:\/\/77propeller.com\/sk\/wp-json\/wp\/v2\/product_cat?post=4672"},{"taxonomy":"product_tag","embeddable":true,"href":"https:\/\/77propeller.com\/sk\/wp-json\/wp\/v2\/product_tag?post=4672"}],"curies":[{"name":"wp","href":"https:\/\/api.w.org\/{rel}","templated":true}]}}