{"id":4506,"date":"2020-08-31T19:21:27","date_gmt":"2020-08-31T17:21:27","guid":{"rendered":"https:\/\/77propeller.com\/?post_type=product&#038;p=4506"},"modified":"2025-08-29T19:08:16","modified_gmt":"2025-08-29T17:08:16","slug":"wave-104-stavebnica-stojanu-na-farby-kapacita-104-flias","status":"publish","type":"product","link":"https:\/\/77propeller.com\/sk\/product\/wave-104-stavebnica-stojanu-na-farby-kapacita-104-flias\/","title":{"rendered":"\u201cWave 104\u201d Stavebnica stojanu na farby \u2013 kapacita 104 flia\u0161"},"content":{"rendered":"<p>Priemer otvorov \u2013\u00a0 26mm<\/p>\n<p>Kapacita \u2013 104 f\u013ea\u0161iek<\/p>\n<p>Stavebnica \u2013 \u00a0zlepi\u0165 disperzn\u00fdm lepidlo na drevo pod\u013ea n\u00e1vodu<\/p>\n<p>Materi\u00e1l \u2013 drevo<\/p>\n<p>\u0160\u00edrka, v\u00fd\u0161ka, h\u013abka &#8211; 40 x 36 x 13 cm<\/p>\n","protected":false},"excerpt":{"rendered":"<h3><\/h3>\n<p>Material \u2013 HDF<\/p>\n","protected":false},"featured_media":36807,"template":"","meta":{"om_disable_all_campaigns":false,"_exactmetrics_skip_tracking":false,"_exactmetrics_sitenote_active":false,"_exactmetrics_sitenote_note":"","_exactmetrics_sitenote_category":0,"_uf_show_specific_survey":0,"_uf_disable_surveys":false},"product_brand":[],"product_cat":[93],"product_tag":[],"class_list":{"0":"post-4506","1":"product","2":"type-product","3":"status-publish","4":"has-post-thumbnail","6":"product_cat-discontinued","8":"first","9":"outofstock","10":"taxable","11":"shipping-taxable","12":"product-type-simple"},"aioseo_notices":[],"_links":{"self":[{"href":"https:\/\/77propeller.com\/sk\/wp-json\/wp\/v2\/product\/4506","targetHints":{"allow":["GET"]}}],"collection":[{"href":"https:\/\/77propeller.com\/sk\/wp-json\/wp\/v2\/product"}],"about":[{"href":"https:\/\/77propeller.com\/sk\/wp-json\/wp\/v2\/types\/product"}],"wp:featuredmedia":[{"embeddable":true,"href":"https:\/\/77propeller.com\/sk\/wp-json\/wp\/v2\/media\/36807"}],"wp:attachment":[{"href":"https:\/\/77propeller.com\/sk\/wp-json\/wp\/v2\/media?parent=4506"}],"wp:term":[{"taxonomy":"product_brand","embeddable":true,"href":"https:\/\/77propeller.com\/sk\/wp-json\/wp\/v2\/product_brand?post=4506"},{"taxonomy":"product_cat","embeddable":true,"href":"https:\/\/77propeller.com\/sk\/wp-json\/wp\/v2\/product_cat?post=4506"},{"taxonomy":"product_tag","embeddable":true,"href":"https:\/\/77propeller.com\/sk\/wp-json\/wp\/v2\/product_tag?post=4506"}],"curies":[{"name":"wp","href":"https:\/\/api.w.org\/{rel}","templated":true}]}}