{"id":4260,"date":"2020-06-07T18:51:11","date_gmt":"2020-06-07T16:51:11","guid":{"rendered":"https:\/\/77propeller.com\/?post_type=product&#038;p=4260"},"modified":"2026-03-13T18:37:25","modified_gmt":"2026-03-13T17:37:25","slug":"brush-organizer-wave","status":"publish","type":"product","link":"https:\/\/77propeller.com\/sk\/product\/brush-organizer-wave\/","title":{"rendered":"Brush organiz\u00e9r Wave"},"content":{"rendered":"<p><span style=\"font-family: Roboto, Arial, sans-serif;\">balenie obsahuje jednu stavebnicu Brush organiz\u00e9r Wave.<\/span><\/p>\n<p><span style=\"font-family: Roboto, Arial, sans-serif;\">Balenie neobsahuje lepidlo ani \u0161tetce.<\/span><\/p>\n","protected":false},"excerpt":{"rendered":"<p><span style=\"font-family: Roboto, Arial, sans-serif;\">Stavebnica brush organiz\u00e9r Wave obsahuje otvory pre 30 \u0161tetcom. Vonkaj\u0161ie otvory s\u00fa v rozmere 7mm, vn\u00fatorn\u00fd rozmer otvoru 8mm. Organiz\u00e9r je navrhnut\u00fd aby zaberal na Va\u0161om pracovnom stole \u010do najmenej miesta. Doporu\u010dujeme spevni\u0165 disperzn\u00fdm lepidlom . <\/span><\/p>\n","protected":false},"featured_media":4261,"template":"","meta":{"om_disable_all_campaigns":false,"_exactmetrics_skip_tracking":false,"_exactmetrics_sitenote_active":false,"_exactmetrics_sitenote_note":"","_exactmetrics_sitenote_category":0,"_uf_show_specific_survey":0,"_uf_disable_surveys":false},"product_brand":[],"product_cat":[56,19],"product_tag":[],"class_list":{"0":"post-4260","1":"product","2":"type-product","3":"status-publish","4":"has-post-thumbnail","6":"product_cat-paint-stands-and-organizers","7":"product_cat-shop","9":"first","10":"instock","11":"taxable","12":"shipping-taxable","13":"purchasable","14":"product-type-simple"},"aioseo_notices":[],"_links":{"self":[{"href":"https:\/\/77propeller.com\/sk\/wp-json\/wp\/v2\/product\/4260","targetHints":{"allow":["GET"]}}],"collection":[{"href":"https:\/\/77propeller.com\/sk\/wp-json\/wp\/v2\/product"}],"about":[{"href":"https:\/\/77propeller.com\/sk\/wp-json\/wp\/v2\/types\/product"}],"wp:featuredmedia":[{"embeddable":true,"href":"https:\/\/77propeller.com\/sk\/wp-json\/wp\/v2\/media\/4261"}],"wp:attachment":[{"href":"https:\/\/77propeller.com\/sk\/wp-json\/wp\/v2\/media?parent=4260"}],"wp:term":[{"taxonomy":"product_brand","embeddable":true,"href":"https:\/\/77propeller.com\/sk\/wp-json\/wp\/v2\/product_brand?post=4260"},{"taxonomy":"product_cat","embeddable":true,"href":"https:\/\/77propeller.com\/sk\/wp-json\/wp\/v2\/product_cat?post=4260"},{"taxonomy":"product_tag","embeddable":true,"href":"https:\/\/77propeller.com\/sk\/wp-json\/wp\/v2\/product_tag?post=4260"}],"curies":[{"name":"wp","href":"https:\/\/api.w.org\/{rel}","templated":true}]}}