{"id":4177,"date":"2020-05-17T19:53:32","date_gmt":"2020-05-17T17:53:32","guid":{"rendered":"https:\/\/77propeller.com\/?post_type=product&#038;p=4177"},"modified":"2026-04-11T11:30:58","modified_gmt":"2026-04-11T09:30:58","slug":"wave-stavebnica-stojanu-na-farby-kapacita-24-flasiek-22-stetcov","status":"publish","type":"product","link":"https:\/\/77propeller.com\/sk\/product\/wave-stavebnica-stojanu-na-farby-kapacita-24-flasiek-22-stetcov\/","title":{"rendered":"\u201cWave\u201d Stavebnica stojanu na farby \u2013 kapacita 24 f\u013ea\u0161iek \/ 22 \u0161tetcov"},"content":{"rendered":"<p>&#8230;<\/p>\n","protected":false},"excerpt":{"rendered":"<h3><span style=\"color: #ff0000;\"><strong>TEMPORARILY UNAVAILABLE<\/strong><\/span><\/h3>\n<p>Priemer otvorov \u2013\u00a0 26mm<\/p>\n<p>Kapacita \u2013 24 f\u013ea\u0161iek \/ 22 \u0161tetcov<\/p>\n<p>Stavebnica \u2013 \u00a0zlepi\u0165 disperzn\u00fdm lepidlo na drevo pod\u013ea n\u00e1vodu<\/p>\n<p>Materi\u00e1l \u2013 drevo<\/p>\n","protected":false},"featured_media":4179,"template":"","meta":{"om_disable_all_campaigns":false,"_exactmetrics_skip_tracking":false,"_exactmetrics_sitenote_active":false,"_exactmetrics_sitenote_note":"","_exactmetrics_sitenote_category":0,"_uf_show_specific_survey":0,"_uf_disable_surveys":false},"product_brand":[],"product_cat":[56,19],"product_tag":[],"class_list":{"0":"post-4177","1":"product","2":"type-product","3":"status-publish","4":"has-post-thumbnail","6":"product_cat-paint-stands-and-organizers","7":"product_cat-shop","9":"first","10":"instock","11":"taxable","12":"shipping-taxable","13":"purchasable","14":"product-type-simple"},"aioseo_notices":[],"_links":{"self":[{"href":"https:\/\/77propeller.com\/sk\/wp-json\/wp\/v2\/product\/4177","targetHints":{"allow":["GET"]}}],"collection":[{"href":"https:\/\/77propeller.com\/sk\/wp-json\/wp\/v2\/product"}],"about":[{"href":"https:\/\/77propeller.com\/sk\/wp-json\/wp\/v2\/types\/product"}],"wp:featuredmedia":[{"embeddable":true,"href":"https:\/\/77propeller.com\/sk\/wp-json\/wp\/v2\/media\/4179"}],"wp:attachment":[{"href":"https:\/\/77propeller.com\/sk\/wp-json\/wp\/v2\/media?parent=4177"}],"wp:term":[{"taxonomy":"product_brand","embeddable":true,"href":"https:\/\/77propeller.com\/sk\/wp-json\/wp\/v2\/product_brand?post=4177"},{"taxonomy":"product_cat","embeddable":true,"href":"https:\/\/77propeller.com\/sk\/wp-json\/wp\/v2\/product_cat?post=4177"},{"taxonomy":"product_tag","embeddable":true,"href":"https:\/\/77propeller.com\/sk\/wp-json\/wp\/v2\/product_tag?post=4177"}],"curies":[{"name":"wp","href":"https:\/\/api.w.org\/{rel}","templated":true}]}}