{"id":4173,"date":"2020-05-17T19:28:08","date_gmt":"2020-05-17T17:28:08","guid":{"rendered":"https:\/\/77propeller.com\/?post_type=product&#038;p=4173"},"modified":"2026-02-18T00:08:39","modified_gmt":"2026-02-17T23:08:39","slug":"wave-stavebnica-stojanu-na-farby-kapacita-23-flasiek","status":"publish","type":"product","link":"https:\/\/77propeller.com\/sk\/product\/wave-stavebnica-stojanu-na-farby-kapacita-23-flasiek\/","title":{"rendered":"&#8220;Wave&#8221; Stavebnica stojanu na farby &#8211; kapacita 23 f\u013ea\u0161iek\u00a0"},"content":{"rendered":"<p>&#8230;<\/p>\n","protected":false},"excerpt":{"rendered":"<h3><\/h3>\n<p>Priemer otvorov &#8211;\u00a0 33mm<\/p>\n<p>Kapacita &#8211;\u00a023 f\u013ea\u0161iek<\/p>\n<p>Stavebnica &#8211; \u00a0zlepi\u0165 disperzn\u00fdm lepidlo na drevo pod\u013ea n\u00e1vodu<\/p>\n<p>Materi\u00e1l &#8211; drevo<\/p>\n","protected":false},"featured_media":4176,"template":"","meta":{"om_disable_all_campaigns":false,"_exactmetrics_skip_tracking":false,"_exactmetrics_sitenote_active":false,"_exactmetrics_sitenote_note":"","_exactmetrics_sitenote_category":0,"_uf_show_specific_survey":0,"_uf_disable_surveys":false},"product_brand":[],"product_cat":[56],"product_tag":[],"class_list":{"0":"post-4173","1":"product","2":"type-product","3":"status-publish","4":"has-post-thumbnail","6":"product_cat-paint-stands-and-organizers","8":"first","9":"outofstock","10":"taxable","11":"shipping-taxable","12":"purchasable","13":"product-type-simple"},"aioseo_notices":[],"_links":{"self":[{"href":"https:\/\/77propeller.com\/sk\/wp-json\/wp\/v2\/product\/4173","targetHints":{"allow":["GET"]}}],"collection":[{"href":"https:\/\/77propeller.com\/sk\/wp-json\/wp\/v2\/product"}],"about":[{"href":"https:\/\/77propeller.com\/sk\/wp-json\/wp\/v2\/types\/product"}],"wp:featuredmedia":[{"embeddable":true,"href":"https:\/\/77propeller.com\/sk\/wp-json\/wp\/v2\/media\/4176"}],"wp:attachment":[{"href":"https:\/\/77propeller.com\/sk\/wp-json\/wp\/v2\/media?parent=4173"}],"wp:term":[{"taxonomy":"product_brand","embeddable":true,"href":"https:\/\/77propeller.com\/sk\/wp-json\/wp\/v2\/product_brand?post=4173"},{"taxonomy":"product_cat","embeddable":true,"href":"https:\/\/77propeller.com\/sk\/wp-json\/wp\/v2\/product_cat?post=4173"},{"taxonomy":"product_tag","embeddable":true,"href":"https:\/\/77propeller.com\/sk\/wp-json\/wp\/v2\/product_tag?post=4173"}],"curies":[{"name":"wp","href":"https:\/\/api.w.org\/{rel}","templated":true}]}}