{"id":3976,"date":"2020-04-16T17:27:04","date_gmt":"2020-04-16T15:27:04","guid":{"rendered":"http:\/\/77propeller.com\/?post_type=product&#038;p=3976"},"modified":"2026-03-13T18:47:44","modified_gmt":"2026-03-13T17:47:44","slug":"stavebnica-maly-organizer","status":"publish","type":"product","link":"https:\/\/77propeller.com\/sk\/product\/stavebnica-maly-organizer\/","title":{"rendered":"Stavebnica &#8221; Mal\u00fd organiz\u00e9r&#8221;"},"content":{"rendered":"<p>Organizer for 12 tools<\/p>\n","protected":false},"excerpt":{"rendered":"<p>Kapacita \u2013 12 n\u00e1strojov<\/p>\n<p>Stavebnica \u2013 \u00a0zlepi\u0165 disperzn\u00fdm lepidlom na drevo pod\u013ea n\u00e1vodu<\/p>\n<p>Materi\u00e1l \u2013 drevo<\/p>\n","protected":false},"featured_media":4185,"template":"","meta":{"om_disable_all_campaigns":false,"_exactmetrics_skip_tracking":false,"_exactmetrics_sitenote_active":false,"_exactmetrics_sitenote_note":"","_exactmetrics_sitenote_category":0,"_uf_show_specific_survey":0,"_uf_disable_surveys":false},"product_brand":[],"product_cat":[56,19],"product_tag":[],"class_list":{"0":"post-3976","1":"product","2":"type-product","3":"status-publish","4":"has-post-thumbnail","6":"product_cat-paint-stands-and-organizers","7":"product_cat-shop","9":"first","10":"instock","11":"taxable","12":"shipping-taxable","13":"purchasable","14":"product-type-simple"},"aioseo_notices":[],"_links":{"self":[{"href":"https:\/\/77propeller.com\/sk\/wp-json\/wp\/v2\/product\/3976","targetHints":{"allow":["GET"]}}],"collection":[{"href":"https:\/\/77propeller.com\/sk\/wp-json\/wp\/v2\/product"}],"about":[{"href":"https:\/\/77propeller.com\/sk\/wp-json\/wp\/v2\/types\/product"}],"wp:featuredmedia":[{"embeddable":true,"href":"https:\/\/77propeller.com\/sk\/wp-json\/wp\/v2\/media\/4185"}],"wp:attachment":[{"href":"https:\/\/77propeller.com\/sk\/wp-json\/wp\/v2\/media?parent=3976"}],"wp:term":[{"taxonomy":"product_brand","embeddable":true,"href":"https:\/\/77propeller.com\/sk\/wp-json\/wp\/v2\/product_brand?post=3976"},{"taxonomy":"product_cat","embeddable":true,"href":"https:\/\/77propeller.com\/sk\/wp-json\/wp\/v2\/product_cat?post=3976"},{"taxonomy":"product_tag","embeddable":true,"href":"https:\/\/77propeller.com\/sk\/wp-json\/wp\/v2\/product_tag?post=3976"}],"curies":[{"name":"wp","href":"https:\/\/api.w.org\/{rel}","templated":true}]}}