{"id":4713,"date":"2020-11-03T10:00:30","date_gmt":"2020-11-03T09:00:30","guid":{"rendered":"https:\/\/77propeller.com\/?page_id=4713"},"modified":"2024-02-17T12:32:10","modified_gmt":"2024-02-17T11:32:10","slug":"contact-us","status":"publish","type":"page","link":"https:\/\/77propeller.com\/sk\/contact-us\/","title":{"rendered":"Contact us"},"content":{"rendered":"<p>[vc_row full_width=&#8221;stretch_row_content_no_spaces&#8221;][vc_column][vc_column_text]<\/p>\n<h1 style=\"text-align: center;\">Kontakt<\/h1>\n<p>[\/vc_column_text][vc_empty_space][vc_single_image image=&#8221;4896&#8243; img_size=&#8221;full&#8221; alignment=&#8221;center&#8221;][vc_empty_space][\/vc_column][\/vc_row][vc_row][vc_column width=&#8221;1\/2&#8243;][rocket_icon_box title=&#8221;Kontakt&#8221; icon_fontawesome=&#8221;fas fa-address-book&#8221; background_style=&#8221;rounded&#8221;]<\/p>\n<h5><strong>OLIN, s.r.o.<\/strong><\/h5>\n<p><strong>Slavnica 98<\/strong><\/p>\n<p><strong>018 54 Slavnica<\/strong><\/p>\n<p><strong>SLOVENSKO \/ EU\u00a0<\/strong><\/p>\n<p><strong>I\u010c: 51256550<\/strong><\/p>\n<p><strong>DI\u010c : 2120664524<\/strong><\/p>\n<p><strong>I\u010c PDH \/ VAT : SK2120664524<\/strong>[\/rocket_icon_box][rocket_icon_box title=&#8221;E-Mail a telef\u00f3n&#8221; type=&#8221;typicons&#8221; icon_typicons=&#8221;typcn typcn-phone&#8221; background_style=&#8221;rounded&#8221;]<\/p>\n<h5>E-Mail<\/h5>\n<p><a href=\"mailto:77propeller@gmail.com\">77propeller@gmail.com<\/a><\/p>\n<h5>Telef\u00f3n<\/h5>\n<p><a href=\"tel:+421948656978\">+421 948 656 978<\/a>[\/rocket_icon_box][\/vc_column][vc_column width=&#8221;1\/2&#8243;]\n<div class=\"wpcf7 no-js\" id=\"wpcf7-f36599-o1\" lang=\"sk-SK\" dir=\"ltr\" data-wpcf7-id=\"36599\">\n<div class=\"screen-reader-response\"><p role=\"status\" aria-live=\"polite\" aria-atomic=\"true\"><\/p> <ul><\/ul><\/div>\n<form action=\"\/sk\/wp-json\/wp\/v2\/pages\/4713#wpcf7-f36599-o1\" method=\"post\" class=\"wpcf7-form init\" aria-label=\"Kontaktn\u00fd formul\u00e1r\" novalidate=\"novalidate\" data-status=\"init\">\n<fieldset class=\"hidden-fields-container\"><input type=\"hidden\" name=\"_wpcf7\" value=\"36599\" \/><input type=\"hidden\" name=\"_wpcf7_version\" value=\"6.1\" \/><input type=\"hidden\" name=\"_wpcf7_locale\" value=\"sk_SK\" \/><input type=\"hidden\" name=\"_wpcf7_unit_tag\" value=\"wpcf7-f36599-o1\" \/><input type=\"hidden\" name=\"_wpcf7_container_post\" value=\"0\" \/><input type=\"hidden\" name=\"_wpcf7_posted_data_hash\" value=\"\" \/><input type=\"hidden\" name=\"lang\" value=\"sk\" \/>\n<\/fieldset>\n<p><label> Meno (povinn\u00e9)<br \/>\n<span class=\"wpcf7-form-control-wrap\" data-name=\"text-784\"><input size=\"40\" maxlength=\"400\" class=\"wpcf7-form-control wpcf7-text wpcf7-validates-as-required\" aria-required=\"true\" aria-invalid=\"false\" value=\"\" type=\"text\" name=\"text-784\" \/><\/span> <\/label>\n<\/p>\n<p><label> Email (povinn\u00e9)<br \/>\n<span class=\"wpcf7-form-control-wrap\" data-name=\"email-485\"><input size=\"40\" maxlength=\"400\" class=\"wpcf7-form-control wpcf7-email wpcf7-validates-as-required wpcf7-text wpcf7-validates-as-email\" aria-required=\"true\" aria-invalid=\"false\" value=\"\" type=\"email\" name=\"email-485\" \/><\/span> <\/label>\n<\/p>\n<p><label> Spr\u00e1va (povinn\u00e9)<br \/>\n<span class=\"wpcf7-form-control-wrap\" data-name=\"textarea-376\"><textarea cols=\"40\" rows=\"10\" maxlength=\"2000\" class=\"wpcf7-form-control wpcf7-textarea wpcf7-validates-as-required\" aria-required=\"true\" aria-invalid=\"false\" name=\"textarea-376\"><\/textarea><\/span> <\/label>\n<\/p>\n<p><label> <span class=\"wpcf7-form-control-wrap\" data-name=\"acceptance-293\"><span class=\"wpcf7-form-control wpcf7-acceptance optional\"><span class=\"wpcf7-list-item\"><label><input type=\"checkbox\" name=\"acceptance-293\" value=\"1\" aria-invalid=\"false\" \/><span class=\"wpcf7-list-item-label\">S\u00fahlas\u00edm so <a href=\"ochrana-sukromia\/\">spracovan\u00edm osobn\u00fdch \u00fadajov<\/a><\/span><\/label><\/span><\/span><\/span> <\/label>\n<\/p>\n<p><input class=\"wpcf7-form-control wpcf7-submit has-spinner\" type=\"submit\" value=\"Odosla\u0165\" \/>\n<\/p><div class=\"wpcf7-response-output\" aria-hidden=\"true\"><\/div>\n<\/form>\n<\/div>\n[\/vc_column][\/vc_row]<\/p>\n","protected":false},"excerpt":{"rendered":"<p>[vc_row full_width=&#8221;stretch_row_content_no_spaces&#8221;][vc_column][vc_column_text] Kontakt [\/vc_column_text][vc_empty_space][vc_single_image image=&#8221;4896&#8243; img_size=&#8221;full&#8221; alignment=&#8221;center&#8221;][vc_empty_space][\/vc_column][\/vc_row][vc_row][vc_column width=&#8221;1\/2&#8243;][rocket_icon_box title=&#8221;Kontakt&#8221; icon_fontawesome=&#8221;fas fa-address-book&#8221; background_style=&#8221;rounded&#8221;] OLIN, s.r.o. Slavnica 98 018 54 Slavnica SLOVENSKO \/ EU\u00a0 I\u010c: 51256550 DI\u010c : 2120664524 I\u010c PDH \/ VAT : SK2120664524[\/rocket_icon_box][rocket_icon_box title=&#8221;E-Mail a telef\u00f3n&#8221; type=&#8221;typicons&#8221; icon_typicons=&#8221;typcn typcn-phone&#8221; background_style=&#8221;rounded&#8221;] E-Mail 77propeller@gmail.com Telef\u00f3n +421 948 656 978[\/rocket_icon_box][\/vc_column][vc_column width=&#8221;1\/2&#8243;][\/vc_column][\/vc_row]<\/p>\n","protected":false},"author":1,"featured_media":0,"parent":0,"menu_order":0,"comment_status":"closed","ping_status":"closed","template":"","meta":{"om_disable_all_campaigns":false,"_exactmetrics_skip_tracking":false,"_exactmetrics_sitenote_active":false,"_exactmetrics_sitenote_note":"","_exactmetrics_sitenote_category":0,"_uf_show_specific_survey":0,"_uf_disable_surveys":false,"footnotes":""},"class_list":["post-4713","page","type-page","status-publish","hentry"],"aioseo_notices":[],"_links":{"self":[{"href":"https:\/\/77propeller.com\/sk\/wp-json\/wp\/v2\/pages\/4713","targetHints":{"allow":["GET"]}}],"collection":[{"href":"https:\/\/77propeller.com\/sk\/wp-json\/wp\/v2\/pages"}],"about":[{"href":"https:\/\/77propeller.com\/sk\/wp-json\/wp\/v2\/types\/page"}],"author":[{"embeddable":true,"href":"https:\/\/77propeller.com\/sk\/wp-json\/wp\/v2\/users\/1"}],"replies":[{"embeddable":true,"href":"https:\/\/77propeller.com\/sk\/wp-json\/wp\/v2\/comments?post=4713"}],"version-history":[{"count":28,"href":"https:\/\/77propeller.com\/sk\/wp-json\/wp\/v2\/pages\/4713\/revisions"}],"predecessor-version":[{"id":36600,"href":"https:\/\/77propeller.com\/sk\/wp-json\/wp\/v2\/pages\/4713\/revisions\/36600"}],"wp:attachment":[{"href":"https:\/\/77propeller.com\/sk\/wp-json\/wp\/v2\/media?parent=4713"}],"curies":[{"name":"wp","href":"https:\/\/api.w.org\/{rel}","templated":true}]}}