{"id":3691,"date":"2016-06-01T11:24:29","date_gmt":"2016-06-01T11:24:29","guid":{"rendered":"http:\/\/rocketwp.dan-fisher.com\/demo-app\/?page_id=10"},"modified":"2026-03-15T16:54:00","modified_gmt":"2026-03-15T15:54:00","slug":"home","status":"publish","type":"page","link":"https:\/\/77propeller.com\/sk\/","title":{"rendered":"Home"},"content":{"rendered":"<p>[vc_row][vc_column][vc_empty_space height=&#8221;50px&#8221;][vc_column_text]<\/p>\n<h1 style=\"text-align: center;\">Vitajte v 77 Propeller!<\/h1>\n<p>[\/vc_column_text][vc_single_image image=&#8221;36633&#8243; img_size=&#8221;full&#8221; alignment=&#8221;center&#8221;][vc_empty_space height=&#8221;50px&#8221;][vc_btn title=&#8221;English version of the store&#8221; color=&#8221;info&#8221; align=&#8221;center&#8221; i_icon_fontawesome=&#8221;&#8221; link=&#8221;url:https%3A%2F%2F77propeller.com%2F|||&#8221;][vc_btn title=&#8221;OBCHOD&#8221; color=&#8221;success&#8221; align=&#8221;center&#8221; i_icon_fontawesome=&#8221;&#8221; link=&#8221;url:https%3A%2F%2F77propeller.com%2Fsk%2Fproduct-category%2Fshop%2F|||&#8221;][vc_empty_space height=&#8221;50px&#8221;][\/vc_column][\/vc_row][vc_row][vc_column width=&#8221;1\/3&#8243;][vc_single_image image=&#8221;5175&#8243; img_size=&#8221;400&#215;400&#8243;][\/vc_column][vc_column width=&#8221;1\/3&#8243;][vc_single_image image=&#8221;5526&#8243; img_size=&#8221;400&#215;400&#8243;][\/vc_column][vc_column width=&#8221;1\/3&#8243;][vc_single_image image=&#8221;36512&#8243; img_size=&#8221;400&#215;400&#8243;][\/vc_column][\/vc_row][vc_row][vc_column][vc_column_text][\/vc_column_text][vc_column_text]<\/p>\n<h1 class=\"woocommerce-loop-product__title\" style=\"text-align: center;\"><strong><span class=\"Y2IQFc\" lang=\"sk\">\u00a0 Weathering airbrush \u0161abl\u00f3ny pre plastov\u00fdch model\u00e1rov<\/span><\/strong><\/h1>\n<p>[\/vc_column_text]<div class=\"woocommerce columns-3 \"><\/div>[vc_btn title=&#8221;zobrazi\u0165 cel\u00fa ponuku&#8221; color=&#8221;success&#8221; size=&#8221;sm&#8221; align=&#8221;center&#8221; i_icon_fontawesome=&#8221;fab fa-accessible-icon&#8221; link=&#8221;url:https%3A%2F%2F77propeller.com%2Fsk%2Fproduct-category%2Fshop%2Ftemplates%2F|title:zobrazi%C5%A5%20cel%C3%BA%20ponuku%20||&#8221;][vc_empty_space height=&#8221;50px&#8221;][vc_separator color=&#8221;black&#8221;][\/vc_column][\/vc_row][vc_row][vc_column][vc_column_text]<\/p>\n<h1 style=\"text-align: center;\">Vide\u00e1<\/h1>\n<p>[\/vc_column_text][\/vc_column][\/vc_row][vc_row][vc_column width=&#8221;1\/3&#8243;][vc_video link=&#8221;https:\/\/www.youtube.com\/watch?v=Lj02FNklm3U&#8221;][vc_empty_space height=&#8221;50px&#8221;][\/vc_column][vc_column width=&#8221;1\/3&#8243;][vc_video link=&#8221;https:\/\/www.youtube.com\/watch?v=bTDQd9U4IT8&#8243;][vc_empty_space height=&#8221;50px&#8221;][\/vc_column][vc_column width=&#8221;1\/3&#8243;][vc_video link=&#8221;https:\/\/www.youtube.com\/watch?v=GXYRV-5BwXc&#8221;][vc_empty_space height=&#8221;50px&#8221;][\/vc_column][\/vc_row][vc_row][vc_column][vc_separator][vc_empty_space height=&#8221;50px&#8221;][vc_column_text]<\/p>\n<h1 style=\"text-align: center;\">Partneri<\/h1>\n<p>[\/vc_column_text][\/vc_column][\/vc_row][vc_row][vc_column width=&#8221;1\/2&#8243;][vc_column_text]<\/p>\n<h3 class=\"x1heor9g x1qlqyl8 x1pd3egz x1a2a7pz\" style=\"text-align: center;\" tabindex=\"-1\"><strong>Oliver Peissl<\/strong><\/h3>\n<h5 class=\"x1heor9g x1qlqyl8 x1pd3egz x1a2a7pz\" style=\"text-align: center;\" tabindex=\"-1\">Erla&#8217;s Werke<\/h5>\n<p>Oliver Peissl alias Erla&#8217;s Werke, naroden\u00fd 19.03.1978, sa s nad\u0161en\u00edm venuje plastick\u00e9mu modelovaniu u\u017e od \u0161iestich rokov, pri\u010dom jeho prv\u00fdm z\u00e1ujmom boli vtedaj\u0161ie \u201emodern\u00e9\u201c vojensk\u00e9 pr\u00fadov\u00e9 lietadl\u00e1 a helikopt\u00e9ry. Dnes, po viac ako 35 rokoch, sa venuje najm\u00e4 nemeck\u00fdm lietadl\u00e1m druhej svetovej vojny v mierke 1\/48 a 1\/32, pr\u00edle\u017eitostne stavia pr\u00fadov\u00e9 lietadlo v\u0161etk\u00fdch epoch a n\u00e1rodov. Od roku 2005 je autorsky akt\u00edvny a vyu\u017e\u00edva t\u00fato pr\u00edle\u017eitos\u0165 na neust\u00e1le skvalit\u0148ovanie svojich diel.<\/p>\n<h4 style=\"text-align: center;\"><strong><span style=\"color: #333399;\"><a style=\"color: #333399;\" href=\"https:\/\/www.facebook.com\/erlawerke\/\" target=\"_blank\" rel=\"noopener\"><span lang=\"en-GB\">Facebook <\/span><\/a><span lang=\"en-GB\">\u00a0 \u00a0 \u00a0 \u00a0 \u00a0 \u00a0 \u00a0 \u00a0<\/span><\/span><\/strong><strong><span style=\"color: #333399;\"><a style=\"color: #333399;\" href=\"https:\/\/www.instagram.com\/erlawerke\/\" target=\"_blank\" rel=\"noopener\"><span lang=\"en-GB\">Instagram<\/span><\/a><span lang=\"en-GB\">\u00a0 \u00a0 \u00a0 \u00a0 \u00a0 \u00a0 \u00a0 <\/span><\/span><\/strong><strong><span style=\"color: #333399;\"><a style=\"color: #333399;\" href=\"https:\/\/www.patreon.com\/ErlasWerke\" target=\"_blank\" rel=\"noopener\"><span lang=\"en-GB\">Patreon<\/span><\/a><\/span><\/strong><\/h4>\n<p>[\/vc_column_text][vc_empty_space height=&#8221;50px&#8221;][\/vc_column][vc_column width=&#8221;1\/2&#8243;][vc_single_image image=&#8221;5565&#8243; img_size=&#8221;full&#8221; alignment=&#8221;right&#8221;][\/vc_column][\/vc_row][vc_row][vc_column][vc_separator][vc_column_text]<\/p>\n<h1 style=\"text-align: center;\">Gal\u00e9ria<\/h1>\n<p>[\/vc_column_text][\/vc_column][\/vc_row][vc_row][vc_column][vc_images_carousel images=&#8221;4898,4897,4896,4908,4894,4911,4910,4909&#8243; img_size=&#8221;full&#8221;][vc_btn title=&#8221;OBCHOD&#8221; color=&#8221;success&#8221; align=&#8221;center&#8221; i_icon_fontawesome=&#8221;&#8221; link=&#8221;url:https%3A%2F%2F77propeller.com%2Fsk%2Fproduct-category%2Fshop%2F|||&#8221;][\/vc_column][\/vc_row]<\/p>\n","protected":false},"excerpt":{"rendered":"<p>[vc_row][vc_column][vc_empty_space height=&#8221;50px&#8221;][vc_column_text] Vitajte v 77 Propeller! [\/vc_column_text][vc_single_image image=&#8221;36633&#8243; img_size=&#8221;full&#8221; alignment=&#8221;center&#8221;][vc_empty_space height=&#8221;50px&#8221;][vc_btn title=&#8221;English version of the store&#8221; color=&#8221;info&#8221; align=&#8221;center&#8221; i_icon_fontawesome=&#8221;&#8221; link=&#8221;url:https%3A%2F%2F77propeller.com%2F|||&#8221;][vc_btn title=&#8221;OBCHOD&#8221; color=&#8221;success&#8221; align=&#8221;center&#8221; i_icon_fontawesome=&#8221;&#8221; link=&#8221;url:https%3A%2F%2F77propeller.com%2Fsk%2Fproduct-category%2Fshop%2F|||&#8221;][vc_empty_space height=&#8221;50px&#8221;][\/vc_column][\/vc_row][vc_row][vc_column width=&#8221;1\/3&#8243;][vc_single_image image=&#8221;5175&#8243; img_size=&#8221;400&#215;400&#8243;][\/vc_column][vc_column width=&#8221;1\/3&#8243;][vc_single_image image=&#8221;5526&#8243; img_size=&#8221;400&#215;400&#8243;][\/vc_column][vc_column width=&#8221;1\/3&#8243;][vc_single_image image=&#8221;36512&#8243; img_size=&#8221;400&#215;400&#8243;][\/vc_column][\/vc_row][vc_row][vc_column][vc_column_text][\/vc_column_text][vc_column_text] \u00a0 Weathering airbrush \u0161abl\u00f3ny pre plastov\u00fdch model\u00e1rov [\/vc_column_text][vc_btn title=&#8221;zobrazi\u0165 cel\u00fa ponuku&#8221; color=&#8221;success&#8221; size=&#8221;sm&#8221; align=&#8221;center&#8221; i_icon_fontawesome=&#8221;fab fa-accessible-icon&#8221; link=&#8221;url:https%3A%2F%2F77propeller.com%2Fsk%2Fproduct-category%2Fshop%2Ftemplates%2F|title:zobrazi%C5%A5%20cel%C3%BA%20ponuku%20||&#8221;][vc_empty_space height=&#8221;50px&#8221;][vc_separator color=&#8221;black&#8221;][\/vc_column][\/vc_row][vc_row][vc_column][vc_column_text] Vide\u00e1 [&hellip;]<\/p>\n","protected":false},"author":1,"featured_media":5527,"parent":0,"menu_order":0,"comment_status":"closed","ping_status":"closed","template":"","meta":{"om_disable_all_campaigns":false,"_exactmetrics_skip_tracking":false,"_exactmetrics_sitenote_active":false,"_exactmetrics_sitenote_note":"","_exactmetrics_sitenote_category":0,"_uf_show_specific_survey":0,"_uf_disable_surveys":false,"footnotes":""},"class_list":["post-3691","page","type-page","status-publish","has-post-thumbnail","hentry"],"aioseo_notices":[],"_links":{"self":[{"href":"https:\/\/77propeller.com\/sk\/wp-json\/wp\/v2\/pages\/3691","targetHints":{"allow":["GET"]}}],"collection":[{"href":"https:\/\/77propeller.com\/sk\/wp-json\/wp\/v2\/pages"}],"about":[{"href":"https:\/\/77propeller.com\/sk\/wp-json\/wp\/v2\/types\/page"}],"author":[{"embeddable":true,"href":"https:\/\/77propeller.com\/sk\/wp-json\/wp\/v2\/users\/1"}],"replies":[{"embeddable":true,"href":"https:\/\/77propeller.com\/sk\/wp-json\/wp\/v2\/comments?post=3691"}],"version-history":[{"count":286,"href":"https:\/\/77propeller.com\/sk\/wp-json\/wp\/v2\/pages\/3691\/revisions"}],"predecessor-version":[{"id":37658,"href":"https:\/\/77propeller.com\/sk\/wp-json\/wp\/v2\/pages\/3691\/revisions\/37658"}],"wp:featuredmedia":[{"embeddable":true,"href":"https:\/\/77propeller.com\/sk\/wp-json\/wp\/v2\/media\/5527"}],"wp:attachment":[{"href":"https:\/\/77propeller.com\/sk\/wp-json\/wp\/v2\/media?parent=3691"}],"curies":[{"name":"wp","href":"https:\/\/api.w.org\/{rel}","templated":true}]}}